{"id":2188,"date":"2021-03-10T10:01:57","date_gmt":"2021-03-10T09:01:57","guid":{"rendered":"https:\/\/fr.zundj.de1.biz\/der-kuenstler\/publikationen\/"},"modified":"2021-06-11T14:29:35","modified_gmt":"2021-06-11T12:29:35","slug":"publikationen","status":"publish","type":"page","link":"https:\/\/www.frank-roedel.de\/en\/the-artist\/publikationen\/","title":{"rendered":"PUBLICATIONS"},"content":{"rendered":"<div class=\"hero hero--one\">\n<div class=\"image-wrap\">\n<p>            <img decoding=\"async\" src=\"https:\/\/www.frank-roedel.de\/wp-content\/uploads\/2021\/02\/Florales-23-1920x300.jpg\" data-caption=\"\"><\/p><\/div>\n<\/div>\n<div class=\"sub-objects-nav\">\n<div class=\"grid-container\">\n<div class=\"grid-x\">\n<div class=\"cell\">\n<ul class=\"list list--one\">\n<li><a href=\"https:\/\/www.frank-roedel.de\/der-kuenstler\/ueber-mich\/\">\u00dcber mich<\/a><\/li>\n<li class=\"active-list-item\"><a href=\"https:\/\/www.frank-roedel.de\/der-kuenstler\/publikationen\/?lang=en\">Publikationen<\/a><\/li>\n<li><a href=\"https:\/\/www.frank-roedel.de\/der-kuenstler\/ausstellungen\/\">Ausstellungen<\/a><\/li>\n<li><a href=\"https:\/\/www.frank-roedel.de\/der-kuenstler\/bibliografie\/\">Bibliografie<\/a><\/li>\n<li><a href=\"https:\/\/www.frank-roedel.de\/der-kuenstler\/oeffentliche-sammlungen\/\">\u00d6ffentliche Sammlungen<\/a><\/li>\n<\/ul><\/div>\n<\/p><\/div>\n<\/p><\/div>\n<\/p><\/div>\n","protected":false},"excerpt":{"rendered":"<p>\u00dcber mich Publikationen Ausstellungen Bibliografie \u00d6ffentliche Sammlungen<\/p>\n","protected":false},"author":1,"featured_media":0,"parent":2178,"menu_order":3,"comment_status":"closed","ping_status":"closed","template":"","meta":[],"class_list":["post-2188","page","type-page","status-publish","hentry"],"yoast_head":"<!-- This site is optimized with the Yoast SEO plugin v27.5 - https:\/\/yoast.com\/product\/yoast-seo-wordpress\/ -->\n<title>PUBLICATIONS - Frank R\u00f6del<\/title>\n<meta name=\"robots\" content=\"index, follow, max-snippet:-1, max-image-preview:large, max-video-preview:-1\" \/>\n<link rel=\"canonical\" href=\"https:\/\/www.frank-roedel.de\/en\/the-artist\/publikationen\/\" \/>\n<meta property=\"og:locale\" content=\"en_US\" \/>\n<meta property=\"og:type\" content=\"article\" \/>\n<meta property=\"og:title\" content=\"PUBLICATIONS - Frank R\u00f6del\" \/>\n<meta property=\"og:description\" content=\"\u00dcber mich Publikationen Ausstellungen Bibliografie \u00d6ffentliche Sammlungen\" \/>\n<meta property=\"og:url\" content=\"https:\/\/www.frank-roedel.de\/en\/the-artist\/publikationen\/\" \/>\n<meta property=\"og:site_name\" content=\"Frank R\u00f6del\" \/>\n<meta property=\"article:modified_time\" content=\"2021-06-11T12:29:35+00:00\" \/>\n<meta property=\"og:image\" content=\"https:\/\/www.frank-roedel.de\/wp-content\/uploads\/2021\/02\/Florales-23-1920x300.jpg\" \/>\n<meta name=\"twitter:card\" content=\"summary_large_image\" \/>\n<script type=\"application\/ld+json\" class=\"yoast-schema-graph\">{\"@context\":\"https:\\\/\\\/schema.org\",\"@graph\":[{\"@type\":\"WebPage\",\"@id\":\"https:\\\/\\\/www.frank-roedel.de\\\/en\\\/the-artist\\\/publikationen\\\/\",\"url\":\"https:\\\/\\\/www.frank-roedel.de\\\/en\\\/the-artist\\\/publikationen\\\/\",\"name\":\"PUBLICATIONS - Frank R\u00f6del\",\"isPartOf\":{\"@id\":\"https:\\\/\\\/www.frank-roedel.de\\\/en\\\/#website\"},\"primaryImageOfPage\":{\"@id\":\"https:\\\/\\\/www.frank-roedel.de\\\/en\\\/the-artist\\\/publikationen\\\/#primaryimage\"},\"image\":{\"@id\":\"https:\\\/\\\/www.frank-roedel.de\\\/en\\\/the-artist\\\/publikationen\\\/#primaryimage\"},\"thumbnailUrl\":\"https:\\\/\\\/www.frank-roedel.de\\\/wp-content\\\/uploads\\\/2021\\\/02\\\/Florales-23-1920x300.jpg\",\"datePublished\":\"2021-03-10T09:01:57+00:00\",\"dateModified\":\"2021-06-11T12:29:35+00:00\",\"breadcrumb\":{\"@id\":\"https:\\\/\\\/www.frank-roedel.de\\\/en\\\/the-artist\\\/publikationen\\\/#breadcrumb\"},\"inLanguage\":\"en-US\",\"potentialAction\":[{\"@type\":\"ReadAction\",\"target\":[\"https:\\\/\\\/www.frank-roedel.de\\\/en\\\/the-artist\\\/publikationen\\\/\"]}]},{\"@type\":\"ImageObject\",\"inLanguage\":\"en-US\",\"@id\":\"https:\\\/\\\/www.frank-roedel.de\\\/en\\\/the-artist\\\/publikationen\\\/#primaryimage\",\"url\":\"https:\\\/\\\/www.frank-roedel.de\\\/wp-content\\\/uploads\\\/2021\\\/02\\\/Florales-23-1920x300.jpg\",\"contentUrl\":\"https:\\\/\\\/www.frank-roedel.de\\\/wp-content\\\/uploads\\\/2021\\\/02\\\/Florales-23-1920x300.jpg\"},{\"@type\":\"BreadcrumbList\",\"@id\":\"https:\\\/\\\/www.frank-roedel.de\\\/en\\\/the-artist\\\/publikationen\\\/#breadcrumb\",\"itemListElement\":[{\"@type\":\"ListItem\",\"position\":1,\"name\":\"Startseite\",\"item\":\"https:\\\/\\\/www.frank-roedel.de\\\/en\\\/\"},{\"@type\":\"ListItem\",\"position\":2,\"name\":\"THE ARTIST\",\"item\":\"https:\\\/\\\/www.frank-roedel.de\\\/en\\\/the-artist\\\/\"},{\"@type\":\"ListItem\",\"position\":3,\"name\":\"PUBLICATIONS\"}]},{\"@type\":\"WebSite\",\"@id\":\"https:\\\/\\\/www.frank-roedel.de\\\/en\\\/#website\",\"url\":\"https:\\\/\\\/www.frank-roedel.de\\\/en\\\/\",\"name\":\"Frank R\u00f6del\",\"description\":\"\",\"potentialAction\":[{\"@type\":\"SearchAction\",\"target\":{\"@type\":\"EntryPoint\",\"urlTemplate\":\"https:\\\/\\\/www.frank-roedel.de\\\/en\\\/?s={search_term_string}\"},\"query-input\":{\"@type\":\"PropertyValueSpecification\",\"valueRequired\":true,\"valueName\":\"search_term_string\"}}],\"inLanguage\":\"en-US\"}]}<\/script>\n<!-- \/ Yoast SEO plugin. -->","yoast_head_json":{"title":"PUBLICATIONS - Frank R\u00f6del","robots":{"index":"index","follow":"follow","max-snippet":"max-snippet:-1","max-image-preview":"max-image-preview:large","max-video-preview":"max-video-preview:-1"},"canonical":"https:\/\/www.frank-roedel.de\/en\/the-artist\/publikationen\/","og_locale":"en_US","og_type":"article","og_title":"PUBLICATIONS - Frank R\u00f6del","og_description":"\u00dcber mich Publikationen Ausstellungen Bibliografie \u00d6ffentliche Sammlungen","og_url":"https:\/\/www.frank-roedel.de\/en\/the-artist\/publikationen\/","og_site_name":"Frank R\u00f6del","article_modified_time":"2021-06-11T12:29:35+00:00","og_image":[{"url":"https:\/\/www.frank-roedel.de\/wp-content\/uploads\/2021\/02\/Florales-23-1920x300.jpg","type":"","width":"","height":""}],"twitter_card":"summary_large_image","schema":{"@context":"https:\/\/schema.org","@graph":[{"@type":"WebPage","@id":"https:\/\/www.frank-roedel.de\/en\/the-artist\/publikationen\/","url":"https:\/\/www.frank-roedel.de\/en\/the-artist\/publikationen\/","name":"PUBLICATIONS - Frank R\u00f6del","isPartOf":{"@id":"https:\/\/www.frank-roedel.de\/en\/#website"},"primaryImageOfPage":{"@id":"https:\/\/www.frank-roedel.de\/en\/the-artist\/publikationen\/#primaryimage"},"image":{"@id":"https:\/\/www.frank-roedel.de\/en\/the-artist\/publikationen\/#primaryimage"},"thumbnailUrl":"https:\/\/www.frank-roedel.de\/wp-content\/uploads\/2021\/02\/Florales-23-1920x300.jpg","datePublished":"2021-03-10T09:01:57+00:00","dateModified":"2021-06-11T12:29:35+00:00","breadcrumb":{"@id":"https:\/\/www.frank-roedel.de\/en\/the-artist\/publikationen\/#breadcrumb"},"inLanguage":"en-US","potentialAction":[{"@type":"ReadAction","target":["https:\/\/www.frank-roedel.de\/en\/the-artist\/publikationen\/"]}]},{"@type":"ImageObject","inLanguage":"en-US","@id":"https:\/\/www.frank-roedel.de\/en\/the-artist\/publikationen\/#primaryimage","url":"https:\/\/www.frank-roedel.de\/wp-content\/uploads\/2021\/02\/Florales-23-1920x300.jpg","contentUrl":"https:\/\/www.frank-roedel.de\/wp-content\/uploads\/2021\/02\/Florales-23-1920x300.jpg"},{"@type":"BreadcrumbList","@id":"https:\/\/www.frank-roedel.de\/en\/the-artist\/publikationen\/#breadcrumb","itemListElement":[{"@type":"ListItem","position":1,"name":"Startseite","item":"https:\/\/www.frank-roedel.de\/en\/"},{"@type":"ListItem","position":2,"name":"THE ARTIST","item":"https:\/\/www.frank-roedel.de\/en\/the-artist\/"},{"@type":"ListItem","position":3,"name":"PUBLICATIONS"}]},{"@type":"WebSite","@id":"https:\/\/www.frank-roedel.de\/en\/#website","url":"https:\/\/www.frank-roedel.de\/en\/","name":"Frank R\u00f6del","description":"","potentialAction":[{"@type":"SearchAction","target":{"@type":"EntryPoint","urlTemplate":"https:\/\/www.frank-roedel.de\/en\/?s={search_term_string}"},"query-input":{"@type":"PropertyValueSpecification","valueRequired":true,"valueName":"search_term_string"}}],"inLanguage":"en-US"}]}},"_links":{"self":[{"href":"https:\/\/www.frank-roedel.de\/en\/wp-json\/wp\/v2\/pages\/2188","targetHints":{"allow":["GET"]}}],"collection":[{"href":"https:\/\/www.frank-roedel.de\/en\/wp-json\/wp\/v2\/pages"}],"about":[{"href":"https:\/\/www.frank-roedel.de\/en\/wp-json\/wp\/v2\/types\/page"}],"author":[{"embeddable":true,"href":"https:\/\/www.frank-roedel.de\/en\/wp-json\/wp\/v2\/users\/1"}],"replies":[{"embeddable":true,"href":"https:\/\/www.frank-roedel.de\/en\/wp-json\/wp\/v2\/comments?post=2188"}],"version-history":[{"count":4,"href":"https:\/\/www.frank-roedel.de\/en\/wp-json\/wp\/v2\/pages\/2188\/revisions"}],"predecessor-version":[{"id":2806,"href":"https:\/\/www.frank-roedel.de\/en\/wp-json\/wp\/v2\/pages\/2188\/revisions\/2806"}],"up":[{"embeddable":true,"href":"https:\/\/www.frank-roedel.de\/en\/wp-json\/wp\/v2\/pages\/2178"}],"wp:attachment":[{"href":"https:\/\/www.frank-roedel.de\/en\/wp-json\/wp\/v2\/media?parent=2188"}],"curies":[{"name":"wp","href":"https:\/\/api.w.org\/{rel}","templated":true}]}}